{"id":379,"date":"2012-05-15T12:59:36","date_gmt":"2012-05-15T12:59:36","guid":{"rendered":"http:\/\/www.schuetzen-radfeld.at?page_id=379"},"modified":"2026-01-08T16:33:34","modified_gmt":"2026-01-08T16:33:34","slug":"motto-des-jahres","status":"publish","type":"page","link":"http:\/\/www.schuetzen-radfeld.at\/?page_id=379","title":{"rendered":"Motto 2026"},"content":{"rendered":"<h2><span style=\"color: #339966;\"><strong>&#8222;Miteinander f\u00fcr unsere Heimat&#8220;<\/strong><\/span><\/h2>\n<p>lautet das Motto des <span style=\"color: #339966;\"><strong>Sch\u00fctzenjahres 2026<\/strong>.<\/span><\/p>\n<p><strong>Wir wollen aufbauen, gestalten und das Miteinander f\u00f6rdern.<\/strong><\/p>\n<p>Gib deinem Leben Richtung mit der Sch\u00fctzenkompanie Radfeld!<\/p>\nngg_shortcode_0_placeholder\n\n\n<p><\/p>\n","protected":false},"excerpt":{"rendered":"<p>&#8222;Miteinander f\u00fcr unsere Heimat&#8220; lautet das Motto des Sch\u00fctzenjahres 2026. Wir wollen aufbauen, gestalten und das Miteinander f\u00f6rdern. Gib deinem Leben Richtung mit der Sch\u00fctzenkompanie Radfeld!<\/p>\n","protected":false},"author":1,"featured_media":0,"parent":0,"menu_order":0,"comment_status":"closed","ping_status":"closed","template":"sidebar-page.php","meta":{"neve_meta_sidebar":"","neve_meta_container":"","neve_meta_enable_content_width":"","neve_meta_content_width":0,"neve_meta_title_alignment":"","neve_meta_author_avatar":"","neve_post_elements_order":"","neve_meta_disable_header":"","neve_meta_disable_footer":"","neve_meta_disable_title":"","ngg_post_thumbnail":0,"footnotes":""},"class_list":["post-379","page","type-page","status-publish","hentry"],"_links":{"self":[{"href":"http:\/\/www.schuetzen-radfeld.at\/index.php?rest_route=\/wp\/v2\/pages\/379","targetHints":{"allow":["GET"]}}],"collection":[{"href":"http:\/\/www.schuetzen-radfeld.at\/index.php?rest_route=\/wp\/v2\/pages"}],"about":[{"href":"http:\/\/www.schuetzen-radfeld.at\/index.php?rest_route=\/wp\/v2\/types\/page"}],"author":[{"embeddable":true,"href":"http:\/\/www.schuetzen-radfeld.at\/index.php?rest_route=\/wp\/v2\/users\/1"}],"replies":[{"embeddable":true,"href":"http:\/\/www.schuetzen-radfeld.at\/index.php?rest_route=%2Fwp%2Fv2%2Fcomments&post=379"}],"version-history":[{"count":39,"href":"http:\/\/www.schuetzen-radfeld.at\/index.php?rest_route=\/wp\/v2\/pages\/379\/revisions"}],"predecessor-version":[{"id":12087,"href":"http:\/\/www.schuetzen-radfeld.at\/index.php?rest_route=\/wp\/v2\/pages\/379\/revisions\/12087"}],"wp:attachment":[{"href":"http:\/\/www.schuetzen-radfeld.at\/index.php?rest_route=%2Fwp%2Fv2%2Fmedia&parent=379"}],"curies":[{"name":"wp","href":"https:\/\/api.w.org\/{rel}","templated":true}]}}