{"id":291,"date":"2012-05-03T12:21:32","date_gmt":"2012-05-03T12:21:32","guid":{"rendered":"http:\/\/www.schuetzen-radfeld.at\/?page_id=291"},"modified":"2026-03-03T13:35:45","modified_gmt":"2026-03-03T13:35:45","slug":"herzlich-willkommen-bei-der-schutzenkompanie-radfeld","status":"publish","type":"page","link":"https:\/\/www.schuetzen-radfeld.at\/","title":{"rendered":"Herzlich willkommen bei der Sch\u00fctzenkompanie Radfeld."},"content":{"rendered":"<p>Gegr\u00fcndet wurde unsere Sch\u00fctzenkompanie Radfeld im Jahre 1988 und erfreut sich bis zum heutigen Tage an st\u00e4ndigem Zuwachs an neuen Mitgliedern. <span style=\"font-size: inherit;\">Hier finden Sie Informationen \u00fcber unsere Aktivit\u00e4ten, Veranstaltungen, Mitglieder&#8230;<\/span><\/p>\n<table class=\"wp-list-table widefat fixed striped posts\" style=\"height: 37px;\" width=\"20\">\n<tbody id=\"the-list\">\n<tr id=\"post-4418\" class=\"iedit author-self level-0 post-4418 type-ditty_news_ticker status-publish hentry\">\n<td class=\"dnt_shortcode column-dnt_shortcode\" data-colname=\"Shortcode\">\n<h4>&nbsp; \t\n\t\t\n\t<div id=\"meteor-slideshow\" class=\"meteor-slides  navnone\">\n\t\n\t\t\t\n\t\t\t\t\n\t\t\t\n\t\t<div class=\"meteor-clip\">\n\t\n\t\t\t\t\n\t\t\t<img decoding=\"async\" style=\"visibility: hidden;\" class=\"meteor-shim\" src=\"https:\/\/www.schuetzen-radfeld.at\/wp-content\/uploads\/2017\/01\/IMG_1841-Medium1-500x400.jpg\" alt=\"\" \/>\n\t\t\t<div class=\"mslide mslide-1\">\n\t\t\t\t\n\t\t\t\t\t\t\t\t\t\n\t\t\t\t\t<img loading=\"lazy\" decoding=\"async\" width=\"500\" height=\"400\" src=\"https:\/\/www.schuetzen-radfeld.at\/wp-content\/uploads\/2017\/01\/IMG_1841-Medium1-500x400.jpg\" class=\"attachment-featured-slide size-featured-slide wp-post-image\" alt=\"\" title=\"T\u00fcrckenbratschen\" \/>\t\t\t\t\t\n\t\t\t\t\t\t\t\n\t\t\t<\/div><!-- .mslide -->\n\t\t\t\n\t\t\t\t\t\t\n\t\t\t\t\n\t\t\t\n\t\t\t<div class=\"mslide mslide-2\">\n\t\t\t\t\n\t\t\t\t\t\t\t\t\t\n\t\t\t\t\t<img loading=\"lazy\" decoding=\"async\" width=\"500\" height=\"400\" src=\"https:\/\/www.schuetzen-radfeld.at\/wp-content\/uploads\/2012\/05\/Bundespr\u00e4sident-500x400.png\" class=\"attachment-featured-slide size-featured-slide wp-post-image\" alt=\"\" title=\"Bundespr\u00e4sident\" \/>\t\t\t\t\t\n\t\t\t\t\t\t\t\n\t\t\t<\/div><!-- .mslide -->\n\t\t\t\n\t\t\t\t\t\t\n\t\t\t\t\n\t\t\t\n\t\t\t<div class=\"mslide mslide-3\">\n\t\t\t\t\n\t\t\t\t\t\t\t\t\t\n\t\t\t\t\t<img loading=\"lazy\" decoding=\"async\" width=\"500\" height=\"400\" src=\"https:\/\/www.schuetzen-radfeld.at\/wp-content\/uploads\/2016\/06\/12-500x400.jpg\" class=\"attachment-featured-slide size-featured-slide wp-post-image\" alt=\"\" title=\"25 Jaher\" \/>\t\t\t\t\t\n\t\t\t\t\t\t\t\n\t\t\t<\/div><!-- .mslide -->\n\t\t\t\n\t\t\t\t\t\t\n\t\t\t\t\n\t\t\t\n\t\t\t<div class=\"mslide mslide-4\">\n\t\t\t\t\n\t\t\t\t\t\t\t\t\t\n\t\t\t\t\t<img loading=\"lazy\" decoding=\"async\" width=\"500\" height=\"400\" src=\"https:\/\/www.schuetzen-radfeld.at\/wp-content\/uploads\/2016\/06\/2-500x400.jpg\" class=\"attachment-featured-slide size-featured-slide wp-post-image\" alt=\"\" title=\"25 Jahre\" \/>\t\t\t\t\t\n\t\t\t\t\t\t\t\n\t\t\t<\/div><!-- .mslide -->\n\t\t\t\n\t\t\t\t\t\t\n\t\t\t\t\n\t\t\t\n\t\t\t<div class=\"mslide mslide-5\">\n\t\t\t\t\n\t\t\t\t\t\t\t\t\t\n\t\t\t\t\t<img loading=\"lazy\" decoding=\"async\" width=\"500\" height=\"300\" src=\"https:\/\/www.schuetzen-radfeld.at\/wp-content\/uploads\/2012\/06\/lb7.jpg\" class=\"attachment-featured-slide size-featured-slide wp-post-image\" alt=\"\" title=\"Sch\u00fctzenkompanie Radfeld\" srcset=\"https:\/\/www.schuetzen-radfeld.at\/wp-content\/uploads\/2012\/06\/lb7.jpg 500w, https:\/\/www.schuetzen-radfeld.at\/wp-content\/uploads\/2012\/06\/lb7-300x180.jpg 300w, https:\/\/www.schuetzen-radfeld.at\/wp-content\/uploads\/2012\/06\/lb7-250x150.jpg 250w\" sizes=\"auto, (max-width: 500px) 100vw, 500px\" \/>\t\t\t\t\t\n\t\t\t\t\t\t\t\n\t\t\t<\/div><!-- .mslide -->\n\t\t\t\n\t\t\t\t\t\t\n\t\t\t\t\n\t\t\t\n\t\t\t<div class=\"mslide mslide-6\">\n\t\t\t\t\n\t\t\t\t\t\t\t\t\t\n\t\t\t\t\t<img loading=\"lazy\" decoding=\"async\" width=\"500\" height=\"300\" src=\"https:\/\/www.schuetzen-radfeld.at\/wp-content\/uploads\/2012\/06\/lb4.jpg\" class=\"attachment-featured-slide size-featured-slide wp-post-image\" alt=\"\" title=\"Sch\u00fctzenkompanie Radfeld\" srcset=\"https:\/\/www.schuetzen-radfeld.at\/wp-content\/uploads\/2012\/06\/lb4.jpg 500w, https:\/\/www.schuetzen-radfeld.at\/wp-content\/uploads\/2012\/06\/lb4-300x180.jpg 300w, https:\/\/www.schuetzen-radfeld.at\/wp-content\/uploads\/2012\/06\/lb4-250x150.jpg 250w\" sizes=\"auto, (max-width: 500px) 100vw, 500px\" \/>\t\t\t\t\t\n\t\t\t\t\t\t\t\n\t\t\t<\/div><!-- .mslide -->\n\t\t\t\n\t\t\t\t\t\t\n\t\t\t\t\n\t\t<\/div><!-- .meteor-clip -->\n\t\t\t\t\n\t\t\t\t\t\n\t<\/div><!-- .meteor-slides -->\n\t\n\t<\/h4>\n<\/td>\n<\/tr>\n<\/tbody>\n<\/table>\n\n\n<p><\/p>\n","protected":false},"excerpt":{"rendered":"<p>Gegr\u00fcndet wurde unsere Sch\u00fctzenkompanie Radfeld im Jahre 1988 und erfreut sich bis zum heutigen Tage an st\u00e4ndigem Zuwachs an neuen Mitgliedern. Hier finden Sie Informationen \u00fcber unsere Aktivit\u00e4ten, Veranstaltungen, Mitglieder&#8230; &nbsp;<\/p>\n","protected":false},"author":1,"featured_media":12229,"parent":0,"menu_order":1,"comment_status":"closed","ping_status":"closed","template":"sidebar-page.php","meta":{"neve_meta_sidebar":"","neve_meta_container":"","neve_meta_enable_content_width":"","neve_meta_content_width":0,"neve_meta_title_alignment":"","neve_meta_author_avatar":"","neve_post_elements_order":"","neve_meta_disable_header":"","neve_meta_disable_footer":"","neve_meta_disable_title":"","ngg_post_thumbnail":0,"footnotes":""},"class_list":["post-291","page","type-page","status-publish","has-post-thumbnail","hentry"],"_links":{"self":[{"href":"https:\/\/www.schuetzen-radfeld.at\/index.php?rest_route=\/wp\/v2\/pages\/291","targetHints":{"allow":["GET"]}}],"collection":[{"href":"https:\/\/www.schuetzen-radfeld.at\/index.php?rest_route=\/wp\/v2\/pages"}],"about":[{"href":"https:\/\/www.schuetzen-radfeld.at\/index.php?rest_route=\/wp\/v2\/types\/page"}],"author":[{"embeddable":true,"href":"https:\/\/www.schuetzen-radfeld.at\/index.php?rest_route=\/wp\/v2\/users\/1"}],"replies":[{"embeddable":true,"href":"https:\/\/www.schuetzen-radfeld.at\/index.php?rest_route=%2Fwp%2Fv2%2Fcomments&post=291"}],"version-history":[{"count":169,"href":"https:\/\/www.schuetzen-radfeld.at\/index.php?rest_route=\/wp\/v2\/pages\/291\/revisions"}],"predecessor-version":[{"id":12241,"href":"https:\/\/www.schuetzen-radfeld.at\/index.php?rest_route=\/wp\/v2\/pages\/291\/revisions\/12241"}],"wp:featuredmedia":[{"embeddable":true,"href":"https:\/\/www.schuetzen-radfeld.at\/index.php?rest_route=\/wp\/v2\/media\/12229"}],"wp:attachment":[{"href":"https:\/\/www.schuetzen-radfeld.at\/index.php?rest_route=%2Fwp%2Fv2%2Fmedia&parent=291"}],"curies":[{"name":"wp","href":"https:\/\/api.w.org\/{rel}","templated":true}]}}