{"id":4,"date":"2012-04-13T18:09:13","date_gmt":"2012-04-13T18:09:13","guid":{"rendered":"http:\/\/www.schuetzen-radfeld.at\/?page_id=4"},"modified":"2017-10-11T11:53:43","modified_gmt":"2017-10-11T11:53:43","slug":"gastebuch","status":"publish","type":"page","link":"https:\/\/www.schuetzen-radfeld.at\/?page_id=4","title":{"rendered":"G\u00e4stebuch"},"content":{"rendered":"<div class=\"gwolle-gb\"><div class=\"gwolle-gb-messages-top-container\"><\/div>\n\t\t\t<div class=\"gwolle-gb-write-button\">\n\t\t\t\t<input type=\"button\" name=\"gwolle-gb-write-button\" class=\"button btn btn-default \" value=\"Neuen Eintrag schreiben\" aria-expanded=\"false\" \/>\n\t\t\t<\/div>\n\t\t\t<form action=\"#\" method=\"POST\" class=\"gwolle-gb-write gwolle-gb-hide gwolle-gb-float gwolle-gb-form-ajax gwolle-gb-ajax gwolle-gb-not-logged-in\">\n\t\t\t\t<h3>Einen neuen Eintrag f\u00fcr das G\u00e4stebuch schreiben<\/h3>\n\t\t\t\t<button type=\"button\" class=\"gb-notice-dismiss\">x<span class=\"screen-reader-text\">Dieses Formular ausblenden<\/span><\/button>\n\t\t\t\n\t\t\t\t<input type=\"hidden\" name=\"gwolle_gb_function\" class=\"gwolle_gb_function\" value=\"add_entry\" \/><input type=\"hidden\" name=\"gwolle_gb_book_id\" class=\"gwolle_gb_book_id\" value=\"1\" \/><div class=\"gwolle_gb_7d7fe9d31996635cb250344dd8e6ef51\">\n\t\t\t\t<div class=\"label\"><label for=\"gwolle_gb_7d7fe9d31996635cb250344dd8e6ef51-1\" class=\"text-info\">Name <span class=\"required\">*<\/span><\/label><\/div>\n\t\t\t\t<div class=\"input\"><input class=\"wp-exclude-emoji gwolle_gb_7d7fe9d31996635cb250344dd8e6ef51\" value=\"\" type=\"text\" id=\"gwolle_gb_7d7fe9d31996635cb250344dd8e6ef51-1\" name=\"gwolle_gb_7d7fe9d31996635cb250344dd8e6ef51\" required \/><\/div>\n\t\t\t\t<div class=\"clearBoth\">&nbsp;<\/div>\n\t\t\t<\/div><div class=\"gwolle_gb_b87bb5018b8adbc9788c0cee7ac79d4d\">\n\t\t\t\t<div class=\"label\"><label for=\"gwolle_gb_b87bb5018b8adbc9788c0cee7ac79d4d-1\" class=\"text-info\">E-Mail <span class=\"required\">*<\/span><\/label><\/div>\n\t\t\t\t<div class=\"input\"><input class=\"gwolle_gb_b87bb5018b8adbc9788c0cee7ac79d4d\" value=\"\" type=\"email\" id=\"gwolle_gb_b87bb5018b8adbc9788c0cee7ac79d4d-1\" name=\"gwolle_gb_b87bb5018b8adbc9788c0cee7ac79d4d\" required \/><\/div>\n\t\t\t\t<div class=\"clearBoth\">&nbsp;<\/div>\n\t\t\t<\/div>\n\t\t\t<div class=\"gwolle_gb_923b2cd7126d4fd768403c35a72379b4\" style=\"display:none;overflow:hidden;\" hidden=\"true\" aria-hidden=\"true\">\n\t\t\t\t<div class=\"label\">\n\t\t\t\t\t<label for=\"gwolle_gb_923b2cd7126d4fd768403c35a72379b4-1\" class=\"text-primary\">Hier nichts eingeben<\/label>\n\t\t\t\t\t<label for=\"gwolle_gb_5f05a96274e3c4484660796e23db181e-1\" class=\"text-primary\">Hier nichts eingeben<\/label>\n\t\t\t\t<\/div>\n\t\t\t\t<div class=\"input\">\n\t\t\t\t\t<input value=\"12\" type=\"text\" id=\"gwolle_gb_923b2cd7126d4fd768403c35a72379b4-1\" name=\"gwolle_gb_923b2cd7126d4fd768403c35a72379b4\" class=\"gwolle_gb_923b2cd7126d4fd768403c35a72379b4\" style=\"transform: translateY(10000px);\" \/>\n\t\t\t\t\t<input value=\"\" type=\"text\" name=\"gwolle_gb_5f05a96274e3c4484660796e23db181e\" id=\"gwolle_gb_5f05a96274e3c4484660796e23db181e-1\" class=\"gwolle_gb_5f05a96274e3c4484660796e23db181e\" style=\"transform: translateY(10000px);\" \/>\n\t\t\t\t<\/div>\n\t\t\t\t<div class=\"clearBoth\"><\/div>\n\t\t\t<\/div>\n\t\t\t<div class=\"gwolle_gb_d51aece39618f660874e1d746660e28a\" style=\"display:none;overflow:hidden;\" hidden=\"true\" aria-hidden=\"true\">\n\t\t\t\t<div class=\"label\">\n\t\t\t\t\t<label for=\"gwolle_gb_d51aece39618f660874e1d746660e28a-1\" class=\"text-primary\">Hier nichts eingeben<\/label>\n\t\t\t\t\t<label for=\"gwolle_gb_90dbdff3bddb4d4fe796b9a41e07d984-1\" class=\"text-primary\">Hier nichts eingeben<\/label>\n\t\t\t\t<\/div>\n\t\t\t\t<div class=\"input\">\n\t\t\t\t\t<input value=\"92940\" type=\"text\" id=\"gwolle_gb_d51aece39618f660874e1d746660e28a-1\" name=\"gwolle_gb_d51aece39618f660874e1d746660e28a\" class=\"gwolle_gb_d51aece39618f660874e1d746660e28a\" style=\"transform: translateY(10000px);\" \/>\n\t\t\t\t\t<input value=\"92940\" type=\"text\"id=\"gwolle_gb_90dbdff3bddb4d4fe796b9a41e07d984-1\" name=\"gwolle_gb_90dbdff3bddb4d4fe796b9a41e07d984\" class=\"gwolle_gb_90dbdff3bddb4d4fe796b9a41e07d984\" style=\"transform: translateY(10000px);\" \/>\n\t\t\t\t<\/div>\n\t\t\t\t<div class=\"clearBoth\"><\/div>\n\t\t\t<\/div><div class=\"gwolle_gb_content\">\n\t\t\t\t<div class=\"label\"><label for=\"gwolle_gb_content-1\" class=\"text-info\">G\u00e4stebucheintrag <span class=\"required\">*<\/span><\/label><\/div>\n\t\t\t\t<div class=\"input\"><textarea id=\"gwolle_gb_content-1\" name=\"gwolle_gb_content\" class=\"gwolle_gb_content wp-exclude-emoji\" required ><\/textarea><\/div>\n\t\t\t\t\t<div class=\"clearBoth\">&nbsp;<\/div>\n\t\t\t\t<\/div><input type=\"hidden\" class=\"gwolle_gb_4b4b54ae3eaa41d41ce24f347b4b5f1d\" id=\"gwolle_gb_4b4b54ae3eaa41d41ce24f347b4b5f1d-1\" name=\"gwolle_gb_4b4b54ae3eaa41d41ce24f347b4b5f1d\" value=\"c07f0789d7\" \/>\n\t\t\t<div class=\"gwolle-gb-messages-bottom-container\"><\/div>\n\n\t\t\t<noscript><div class=\"no-js\">Warnung: Dieses Formular kann nur verwendet werden, wenn in deinem Browser JavaScript aktiviert ist.<\/div><\/noscript>\n\n\t\t\t<div class=\"gwolle_gb_submit gwolle-gb-submit\">\n\t\t\t\t<div class=\"label gwolle-gb-invisible text-muted\">&nbsp;<\/div>\n\t\t\t\t<div class=\"input\">\n\t\t\t\t\t<input type=\"submit\" name=\"gwolle_gb_submit\" class=\"gwolle_gb_submit button btn btn-primary \" value=\"Absenden\" \/>\n\t\t\t\t\t<span class=\"gwolle_gb_submit_ajax_icon gwolle-gb-submit-ajax-icon\"><\/span>\n\t\t\t\n\t\t\t\t<\/div>\n\t\t\t\t<div class=\"clearBoth\">&nbsp;<\/div>\n\t\t\t<\/div>\n\n\t\t\t<div class=\"gwolle_gb_notice gwolle-gb-notice\">\n\t\t\t\tMit * gekennzeichnete Felder sind Pflichtfelder.<br \/>\r\nDie E-Mail-Adresse wird nicht ver\u00f6ffentlicht.<br \/>\r\nAus Sicherheitsgr\u00fcnden speichern wir die IP-Adresse 216.73.217.99.<br \/>\r\nEs k\u00f6nnte sein, dass der Eintrag im G\u00e4stebuch erst sichtbar ist, nachdem wir ihn gepr\u00fcft haben.<br \/>\r\nWir behalten uns das Recht vor, Eintr\u00e4ge zu bearbeiten, zu l\u00f6schen oder Eintr\u00e4ge nicht zu ver\u00f6ffentlichen.\n\t\t\t<\/div><\/form><div class=\"gwolle-gb-read gwolle-gb-ajax gwolle-gb-entries-list\" data-book_id=\"1\">(Noch keine Eintr\u00e4ge)<\/div><\/div>\n","protected":false},"excerpt":{"rendered":"","protected":false},"author":1,"featured_media":0,"parent":0,"menu_order":0,"comment_status":"closed","ping_status":"closed","template":"sidebar-page.php","meta":{"neve_meta_sidebar":"","neve_meta_container":"","neve_meta_enable_content_width":"","neve_meta_content_width":0,"neve_meta_title_alignment":"","neve_meta_author_avatar":"","neve_post_elements_order":"","neve_meta_disable_header":"","neve_meta_disable_footer":"","neve_meta_disable_title":"","ngg_post_thumbnail":0,"footnotes":""},"class_list":["post-4","page","type-page","status-publish","hentry"],"_links":{"self":[{"href":"https:\/\/www.schuetzen-radfeld.at\/index.php?rest_route=\/wp\/v2\/pages\/4","targetHints":{"allow":["GET"]}}],"collection":[{"href":"https:\/\/www.schuetzen-radfeld.at\/index.php?rest_route=\/wp\/v2\/pages"}],"about":[{"href":"https:\/\/www.schuetzen-radfeld.at\/index.php?rest_route=\/wp\/v2\/types\/page"}],"author":[{"embeddable":true,"href":"https:\/\/www.schuetzen-radfeld.at\/index.php?rest_route=\/wp\/v2\/users\/1"}],"replies":[{"embeddable":true,"href":"https:\/\/www.schuetzen-radfeld.at\/index.php?rest_route=%2Fwp%2Fv2%2Fcomments&post=4"}],"version-history":[{"count":3,"href":"https:\/\/www.schuetzen-radfeld.at\/index.php?rest_route=\/wp\/v2\/pages\/4\/revisions"}],"predecessor-version":[{"id":4412,"href":"https:\/\/www.schuetzen-radfeld.at\/index.php?rest_route=\/wp\/v2\/pages\/4\/revisions\/4412"}],"wp:attachment":[{"href":"https:\/\/www.schuetzen-radfeld.at\/index.php?rest_route=%2Fwp%2Fv2%2Fmedia&parent=4"}],"curies":[{"name":"wp","href":"https:\/\/api.w.org\/{rel}","templated":true}]}}